{"id":5106,"date":"2025-07-09T11:11:35","date_gmt":"2025-07-09T09:11:35","guid":{"rendered":"https:\/\/hundepension.es\/mystaging02\/?page_id=5106"},"modified":"2025-07-09T11:14:02","modified_gmt":"2025-07-09T09:14:02","slug":"unser-standort","status":"publish","type":"page","link":"https:\/\/hundepension.es\/mystaging02\/unser-standort\/","title":{"rendered":"Unser Standort"},"content":{"rendered":"\t\t<div data-elementor-type=\"wp-page\" data-elementor-id=\"5106\" class=\"elementor elementor-5106\" data-elementor-post-type=\"page\">\n\t\t\t\t<div class=\"elementor-element elementor-element-3d9dfd1 e-con-full section-hero e-flex e-con e-parent\" data-id=\"3d9dfd1\" data-element_type=\"container\" data-settings=\"{&quot;background_background&quot;:&quot;classic&quot;}\">\n\t\t\t\t<\/div>\n\t\t<div class=\"elementor-element elementor-element-b8227dd section-l e-flex e-con-boxed e-con e-parent\" data-id=\"b8227dd\" data-element_type=\"container\" data-settings=\"{&quot;background_background&quot;:&quot;classic&quot;}\">\n\t\t\t\t\t<div class=\"e-con-inner\">\n\t\t<div class=\"elementor-element elementor-element-fb01779 e-con-full e-flex e-con e-child\" data-id=\"fb01779\" data-element_type=\"container\">\n\t\t\t\t<div class=\"elementor-element elementor-element-62086c4 elementor-widget elementor-widget-heading\" data-id=\"62086c4\" data-element_type=\"widget\" data-widget_type=\"heading.default\">\n\t\t\t\t<div class=\"elementor-widget-container\">\n\t\t\t\t\t<p class=\"elementor-heading-title elementor-size-default\">Wohlf\u00fchlen Fast wie daheim <\/p>\t\t\t\t<\/div>\n\t\t\t\t<\/div>\n\t\t\t\t<div class=\"elementor-element elementor-element-569bd59 elementor-widget elementor-widget-heading\" data-id=\"569bd59\" data-element_type=\"widget\" data-widget_type=\"heading.default\">\n\t\t\t\t<div class=\"elementor-widget-container\">\n\t\t\t\t\t<h2 class=\"elementor-heading-title elementor-size-default\">Ein tempor\u00e4res Zuhause f\u00fcr Ihren Liebling<\/h2>\t\t\t\t<\/div>\n\t\t\t\t<\/div>\n\t\t\t\t<\/div>\n\t\t<div class=\"elementor-element elementor-element-33fd7c0 e-con-full e-flex e-con e-child\" data-id=\"33fd7c0\" data-element_type=\"container\">\n\t\t\t\t<div class=\"elementor-element elementor-element-5325226 elementor-widget elementor-widget-text-editor\" data-id=\"5325226\" data-element_type=\"widget\" data-widget_type=\"text-editor.default\">\n\t\t\t\t<div class=\"elementor-widget-container\">\n\t\t\t\t\t\t\t\t\t<p><span class=\"_fadeIn_m1hgl_8\">Vertrauen, <\/span><span class=\"_fadeIn_m1hgl_8\">N\u00e4he <\/span><span class=\"_fadeIn_m1hgl_8\">und <\/span><span class=\"_fadeIn_m1hgl_8\">F\u00fcrsorge \u2013 <\/span><span class=\"_fadeIn_m1hgl_8\">in <\/span><span class=\"_fadeIn_m1hgl_8\">unserer <\/span><span class=\"_fadeIn_m1hgl_8\">Hundepension <\/span><span class=\"_fadeIn_m1hgl_8\">auf <\/span><span class=\"_fadeIn_m1hgl_8\">Mallorca <\/span><span class=\"_fadeIn_m1hgl_8\">wird <\/span><span class=\"_fadeIn_m1hgl_8\">dein <\/span><span class=\"_fadeIn_m1hgl_8\">Hund <\/span><span class=\"_fadeIn_m1hgl_8\">nicht <\/span><span class=\"_fadeIn_m1hgl_8\">nur <\/span><span class=\"_fadeIn_m1hgl_8\">betreut, <\/span><span class=\"_fadeIn_m1hgl_8\">sondern <\/span><span class=\"_fadeIn_m1hgl_8\">umsorgt <\/span><span class=\"_fadeIn_m1hgl_8\">wie <\/span><span class=\"_fadeIn_m1hgl_8\">zu <\/span><span class=\"_fadeIn_m1hgl_8\">Hause.\u201c<\/span><\/p>\t\t\t\t\t\t\t\t<\/div>\n\t\t\t\t<\/div>\n\t\t\t\t<\/div>\n\t\t\t\t\t<\/div>\n\t\t\t\t<\/div>\n\t\t<div class=\"elementor-element elementor-element-af66972 section-l e-flex e-con-boxed e-con e-parent\" data-id=\"af66972\" data-element_type=\"container\" data-settings=\"{&quot;background_background&quot;:&quot;classic&quot;}\">\n\t\t\t\t\t<div class=\"e-con-inner\">\n\t\t<div class=\"elementor-element elementor-element-7f62f71 e-con-full e-flex e-con e-child\" data-id=\"7f62f71\" data-element_type=\"container\" data-settings=\"{&quot;background_background&quot;:&quot;classic&quot;}\">\n\t\t\t\t<div class=\"elementor-element elementor-element-88ae2cb elementor-widget elementor-widget-image\" data-id=\"88ae2cb\" data-element_type=\"widget\" data-widget_type=\"image.default\">\n\t\t\t\t<div class=\"elementor-widget-container\">\n\t\t\t\t\t\t\t\t\t\t\t\t\t\t\t<img decoding=\"async\" src=\"https:\/\/hundepension.es\/mystaging02\/wp-content\/uploads\/elementor\/thumbs\/thomas_andratx_A_photorealistic_image_of_a_kennel_in_an_anima_7d95b240-9f61-463e-bb9d-334786b81504_3-e1747661937185-r8hye531xfbnqsckq64lyfuumudcrpfavv7juxmrt4.webp\" title=\"thomas_andratx_A_photorealistic_image_of_a_kennel_in_an_anima_7d95b240-9f61-463e-bb9d-334786b81504_3-e1747661937185.webp\" alt=\"thomas_andratx_A_photorealistic_image_of_a_kennel_in_an_anima_7d95b240-9f61-463e-bb9d-334786b81504_3-e1747661937185.webp\" loading=\"lazy\" \/>\t\t\t\t\t\t\t\t\t\t\t\t\t\t\t<\/div>\n\t\t\t\t<\/div>\n\t\t\t\t<div class=\"elementor-element elementor-element-e72e2e2 elementor-widget elementor-widget-heading\" data-id=\"e72e2e2\" data-element_type=\"widget\" data-widget_type=\"heading.default\">\n\t\t\t\t<div class=\"elementor-widget-container\">\n\t\t\t\t\t<h3 class=\"elementor-heading-title elementor-size-default\">Gel\u00e4nde <\/h3>\t\t\t\t<\/div>\n\t\t\t\t<\/div>\n\t\t\t\t<div class=\"elementor-element elementor-element-7d2f402 elementor-widget elementor-widget-text-editor\" data-id=\"7d2f402\" data-element_type=\"widget\" data-widget_type=\"text-editor.default\">\n\t\t\t\t<div class=\"elementor-widget-container\">\n\t\t\t\t\t\t\t\t\t<p>Auf einem gro\u00dfen l\u00e4ndlichen Grundst\u00fcck mit 10.000 m\u00b2 bieten wir deinem Hund einen gesch\u00fctzten R\u00fcckzugsort \u2013 immer im Blick, da wir direkt vor Ort wohnen.<\/p>\t\t\t\t\t\t\t\t<\/div>\n\t\t\t\t<\/div>\n\t\t\t\t<\/div>\n\t\t<div class=\"elementor-element elementor-element-facf76c e-con-full e-flex e-con e-child\" data-id=\"facf76c\" data-element_type=\"container\" data-settings=\"{&quot;background_background&quot;:&quot;classic&quot;}\">\n\t\t\t\t<div class=\"elementor-element elementor-element-7cdcf1f elementor-widget elementor-widget-image\" data-id=\"7cdcf1f\" data-element_type=\"widget\" data-widget_type=\"image.default\">\n\t\t\t\t<div class=\"elementor-widget-container\">\n\t\t\t\t\t\t\t\t\t\t\t\t\t\t\t<img decoding=\"async\" src=\"https:\/\/hundepension.es\/mystaging02\/wp-content\/uploads\/elementor\/thumbs\/thomas_andratx_A_photorealistic_image_of_a_kennel_in_an_anima_7d95b240-9f61-463e-bb9d-334786b81504_3-e1747661937185-r8hye531xfbnqsckq64lyfuumudcrpfavv7juxmrt4.webp\" title=\"thomas_andratx_A_photorealistic_image_of_a_kennel_in_an_anima_7d95b240-9f61-463e-bb9d-334786b81504_3-e1747661937185.webp\" alt=\"thomas_andratx_A_photorealistic_image_of_a_kennel_in_an_anima_7d95b240-9f61-463e-bb9d-334786b81504_3-e1747661937185.webp\" loading=\"lazy\" \/>\t\t\t\t\t\t\t\t\t\t\t\t\t\t\t<\/div>\n\t\t\t\t<\/div>\n\t\t\t\t<div class=\"elementor-element elementor-element-2c8a435 elementor-widget elementor-widget-heading\" data-id=\"2c8a435\" data-element_type=\"widget\" data-widget_type=\"heading.default\">\n\t\t\t\t<div class=\"elementor-widget-container\">\n\t\t\t\t\t<h3 class=\"elementor-heading-title elementor-size-default\">Gehege<\/h3>\t\t\t\t<\/div>\n\t\t\t\t<\/div>\n\t\t\t\t<div class=\"elementor-element elementor-element-9435718 elementor-widget elementor-widget-text-editor\" data-id=\"9435718\" data-element_type=\"widget\" data-widget_type=\"text-editor.default\">\n\t\t\t\t<div class=\"elementor-widget-container\">\n\t\t\t\t\t\t\t\t\t<p>Jeder Hund hat sein eigenes, 30 m\u00b2 gro\u00dfes Gehege, ausgestattet mit einer gem\u00fctlichen Hundeh\u00fctte und einer Holzplattform zum Ausruhen.<\/p>\t\t\t\t\t\t\t\t<\/div>\n\t\t\t\t<\/div>\n\t\t\t\t<\/div>\n\t\t<div class=\"elementor-element elementor-element-25be453 e-con-full e-flex e-con e-child\" data-id=\"25be453\" data-element_type=\"container\" data-settings=\"{&quot;background_background&quot;:&quot;classic&quot;}\">\n\t\t\t\t<div class=\"elementor-element elementor-element-55f7fbc elementor-widget elementor-widget-image\" data-id=\"55f7fbc\" data-element_type=\"widget\" data-widget_type=\"image.default\">\n\t\t\t\t<div class=\"elementor-widget-container\">\n\t\t\t\t\t\t\t\t\t\t\t\t\t\t\t<img decoding=\"async\" src=\"https:\/\/hundepension.es\/mystaging02\/wp-content\/uploads\/elementor\/thumbs\/thomas_andratx_A_photorealistic_image_of_a_kennel_in_an_anima_7d95b240-9f61-463e-bb9d-334786b81504_3-e1747661937185-r8hye531xfbnqsckq64lyfuumudcrpfavv7juxmrt4.webp\" title=\"thomas_andratx_A_photorealistic_image_of_a_kennel_in_an_anima_7d95b240-9f61-463e-bb9d-334786b81504_3-e1747661937185.webp\" alt=\"thomas_andratx_A_photorealistic_image_of_a_kennel_in_an_anima_7d95b240-9f61-463e-bb9d-334786b81504_3-e1747661937185.webp\" loading=\"lazy\" \/>\t\t\t\t\t\t\t\t\t\t\t\t\t\t\t<\/div>\n\t\t\t\t<\/div>\n\t\t\t\t<div class=\"elementor-element elementor-element-d00cf54 elementor-widget elementor-widget-heading\" data-id=\"d00cf54\" data-element_type=\"widget\" data-widget_type=\"heading.default\">\n\t\t\t\t<div class=\"elementor-widget-container\">\n\t\t\t\t\t<h3 class=\"elementor-heading-title elementor-size-default\">Auslauf<\/h3>\t\t\t\t<\/div>\n\t\t\t\t<\/div>\n\t\t\t\t<div class=\"elementor-element elementor-element-d15726a elementor-widget elementor-widget-text-editor\" data-id=\"d15726a\" data-element_type=\"widget\" data-widget_type=\"text-editor.default\">\n\t\t\t\t<div class=\"elementor-widget-container\">\n\t\t\t\t\t\t\t\t\t<p>Alte B\u00e4ume spenden Schatten und schaffen eine entspannte Atmosph\u00e4re, in der sich die Hunde frei bewegen und austoben k\u00f6nnen.<\/p>\t\t\t\t\t\t\t\t<\/div>\n\t\t\t\t<\/div>\n\t\t\t\t<\/div>\n\t\t\t\t\t<\/div>\n\t\t\t\t<\/div>\n\t\t\t\t<\/div>\n\t\t","protected":false},"excerpt":{"rendered":"<p>Wohlf\u00fchlen Fast wie daheim Ein tempor\u00e4res Zuhause f\u00fcr Ihren Liebling Vertrauen, N\u00e4he und F\u00fcrsorge \u2013 in unserer Hundepension auf Mallorca wird dein Hund nicht nur betreut, sondern umsorgt wie zu Hause.\u201c Gel\u00e4nde Auf einem gro\u00dfen l\u00e4ndlichen Grundst\u00fcck mit 10.000 m\u00b2 bieten wir deinem Hund einen gesch\u00fctzten R\u00fcckzugsort \u2013 immer im Blick, da wir direkt vor [&hellip;]<\/p>\n","protected":false},"author":1,"featured_media":0,"parent":0,"menu_order":0,"comment_status":"closed","ping_status":"closed","template":"","meta":{"site-sidebar-layout":"no-sidebar","site-content-layout":"page-builder","ast-site-content-layout":"full-width-container","site-content-style":"default","site-sidebar-style":"default","ast-global-header-display":"","ast-banner-title-visibility":"","ast-main-header-display":"","ast-hfb-above-header-display":"","ast-hfb-below-header-display":"","ast-hfb-mobile-header-display":"","site-post-title":"disabled","ast-breadcrumbs-content":"","ast-featured-img":"disabled","footer-sml-layout":"","theme-transparent-header-meta":"","adv-header-id-meta":"","stick-header-meta":"","header-above-stick-meta":"","header-main-stick-meta":"","header-below-stick-meta":"","astra-migrate-meta-layouts":"set","ast-page-background-enabled":"default","ast-page-background-meta":{"desktop":{"background-color":"","background-image":"","background-repeat":"repeat","background-position":"center center","background-size":"auto","background-attachment":"scroll","background-type":"","background-media":"","overlay-type":"","overlay-color":"","overlay-opacity":"","overlay-gradient":""},"tablet":{"background-color":"","background-image":"","background-repeat":"repeat","background-position":"center center","background-size":"auto","background-attachment":"scroll","background-type":"","background-media":"","overlay-type":"","overlay-color":"","overlay-opacity":"","overlay-gradient":""},"mobile":{"background-color":"","background-image":"","background-repeat":"repeat","background-position":"center center","background-size":"auto","background-attachment":"scroll","background-type":"","background-media":"","overlay-type":"","overlay-color":"","overlay-opacity":"","overlay-gradient":""}},"ast-content-background-meta":{"desktop":{"background-color":"var(--ast-global-color-5)","background-image":"","background-repeat":"repeat","background-position":"center center","background-size":"auto","background-attachment":"scroll","background-type":"","background-media":"","overlay-type":"","overlay-color":"","overlay-opacity":"","overlay-gradient":""},"tablet":{"background-color":"var(--ast-global-color-5)","background-image":"","background-repeat":"repeat","background-position":"center center","background-size":"auto","background-attachment":"scroll","background-type":"","background-media":"","overlay-type":"","overlay-color":"","overlay-opacity":"","overlay-gradient":""},"mobile":{"background-color":"var(--ast-global-color-5)","background-image":"","background-repeat":"repeat","background-position":"center center","background-size":"auto","background-attachment":"scroll","background-type":"","background-media":"","overlay-type":"","overlay-color":"","overlay-opacity":"","overlay-gradient":""}},"footnotes":""},"class_list":["post-5106","page","type-page","status-publish","hentry"],"_links":{"self":[{"href":"https:\/\/hundepension.es\/mystaging02\/wp-json\/wp\/v2\/pages\/5106","targetHints":{"allow":["GET"]}}],"collection":[{"href":"https:\/\/hundepension.es\/mystaging02\/wp-json\/wp\/v2\/pages"}],"about":[{"href":"https:\/\/hundepension.es\/mystaging02\/wp-json\/wp\/v2\/types\/page"}],"author":[{"embeddable":true,"href":"https:\/\/hundepension.es\/mystaging02\/wp-json\/wp\/v2\/users\/1"}],"replies":[{"embeddable":true,"href":"https:\/\/hundepension.es\/mystaging02\/wp-json\/wp\/v2\/comments?post=5106"}],"version-history":[{"count":7,"href":"https:\/\/hundepension.es\/mystaging02\/wp-json\/wp\/v2\/pages\/5106\/revisions"}],"predecessor-version":[{"id":5115,"href":"https:\/\/hundepension.es\/mystaging02\/wp-json\/wp\/v2\/pages\/5106\/revisions\/5115"}],"wp:attachment":[{"href":"https:\/\/hundepension.es\/mystaging02\/wp-json\/wp\/v2\/media?parent=5106"}],"curies":[{"name":"wp","href":"https:\/\/api.w.org\/{rel}","templated":true}]}}